{"id":93,"date":"2018-03-13T12:13:58","date_gmt":"2018-03-13T10:13:58","guid":{"rendered":"https:\/\/test2.trestima.com\/w\/\/?page_id=93"},"modified":"2018-06-01T13:43:06","modified_gmt":"2018-06-01T11:43:06","slug":"tuotteet","status":"publish","type":"page","link":"https:\/\/test2.trestima.com\/w\/tuotteet\/","title":{"rendered":"Tuotteet"},"content":{"rendered":"<p>[vc_row equal_height=&#8221;yes&#8221; css=&#8221;.vc_custom_1524220356449{margin-top: -150px !important;padding-right: 15px !important;padding-bottom: 70px !important;padding-left: 15px !important;}&#8221;][vc_column][vc_row_inner equal_height=&#8221;yes&#8221; gap=&#8221;30&#8243;][vc_column_inner css=&#8221;.vc_custom_1524218957270{background-color: #4b4b4a !important;background-position: center !important;background-repeat: no-repeat !important;background-size: cover !important;}&#8221; offset=&#8221;vc_col-lg-3 vc_col-md-6&#8243;][ult_content_box box_shadow=&#8221;horizontal:px|vertical:px|blur:px|spread:px|style:none|&#8221; link=&#8221;url:%2Fw%2Fmetsanmittausjarjestelma%2F|||&#8221; hover_box_shadow=&#8221;horizontal:px|vertical:px|blur:px|spread:px|style:none|&#8221; hover_bg_color=&#8221;rgba(194,210,106,0.29)&#8221; bg_color=&#8221;#4b4b4a&#8221; padding=&#8221;padding-top:40px;padding-right:15px;padding-bottom:20px;padding-left:15px;&#8221;][vc_column_text el_class=&#8221;boxientekstit&#8221; css=&#8221;.vc_custom_1524642713054{padding-right: 10px !important;padding-left: 10px !important;}&#8221;]<\/p>\n<h3 style=\"text-align: center;\">TRESTIMA\u00ae<br \/>\nmets\u00e4nmittausj\u00e4rjestelm\u00e4<\/h3>\n<p style=\"text-align: center; color: #c2d26a;\">Mittaa mets\u00e4\u00e4 tarkasti ja nopeasti valokuvia ottamalla.<\/p>\n<p class=\"tasaus1\" style=\"text-align: center; color: #c2d26a;\">Lue lis\u00e4\u00e4.<\/p>\n<p>[\/vc_column_text][\/ult_content_box][\/vc_column_inner][vc_column_inner css=&#8221;.vc_custom_1524218967203{background-color: #4b4b4a !important;background-position: center !important;background-repeat: no-repeat !important;background-size: contain !important;}&#8221; offset=&#8221;vc_col-lg-3 vc_col-md-6&#8243;][ult_content_box box_shadow=&#8221;horizontal:px|vertical:px|blur:px|spread:px|style:none|&#8221; link=&#8221;url:%2Fw%2Fpinomittausjarjestelma%2F|||&#8221; hover_box_shadow=&#8221;horizontal:px|vertical:px|blur:px|spread:px|style:none|&#8221; hover_bg_color=&#8221;rgba(194,210,106,0.29)&#8221; padding=&#8221;padding-top:40px;padding-right:15px;padding-bottom:20px;padding-left:15px;&#8221;][vc_column_text el_class=&#8221;boxientekstit&#8221; css=&#8221;.vc_custom_1524218595877{padding-right: 10px !important;padding-left: 10px !important;}&#8221;]<\/p>\n<h3 style=\"text-align: center;\">TRESTIMA\u00ae Stack<br \/>\npinomittausj\u00e4rjestelm\u00e4<\/h3>\n<p style=\"text-align: center; color: #c2d26a;\">Mittaa py\u00f6re\u00e4n puun pinoja mobiilisovelluksella kuvaamalla.<\/p>\n<p style=\"text-align: center; color: #c2d26a;\">Lue lis\u00e4\u00e4.<\/p>\n<p>[\/vc_column_text][\/ult_content_box][\/vc_column_inner][vc_column_inner css=&#8221;.vc_custom_1524218991212{background-color: #4b4b4a !important;}&#8221; offset=&#8221;vc_col-lg-3 vc_col-md-6&#8243;][ult_content_box box_shadow=&#8221;horizontal:px|vertical:px|blur:px|spread:px|style:none|&#8221; link=&#8221;url:%2Fw%2Fkantokasittelyn-mittaus%2F|||&#8221; hover_box_shadow=&#8221;horizontal:px|vertical:px|blur:px|spread:px|style:none|&#8221; hover_bg_color=&#8221;rgba(194,210,106,0.29)&#8221; padding=&#8221;padding-top:40px;padding-right:15px;padding-bottom:20px;padding-left:15px;&#8221;][vc_column_text el_class=&#8221;boxientekstit&#8221; css=&#8221;.vc_custom_1524218609353{padding-right: 10px !important;padding-left: 10px !important;}&#8221;]<\/p>\n<h3 style=\"text-align: center;\">TRESTIMA\u00ae<br \/>\nkantok\u00e4sittelyn mittaus<\/h3>\n<p style=\"text-align: center; color: #c2d26a;\">Helppo ja nopea tapa m\u00e4\u00e4ritt\u00e4\u00e4 kantok\u00e4sittelyn kattavuus.<\/p>\n<p style=\"text-align: center; color: #c2d26a;\">Lue lis\u00e4\u00e4.<\/p>\n<p>[\/vc_column_text][\/ult_content_box][\/vc_column_inner][vc_column_inner css=&#8221;.vc_custom_1524219003982{background-color: #4b4b4a !important;}&#8221; offset=&#8221;vc_col-lg-3 vc_col-md-6&#8243;][ult_content_box box_shadow=&#8221;horizontal:px|vertical:px|blur:px|spread:px|style:none|&#8221; link=&#8221;url:%2Fw%2Fkoulutukset-materiaali%2F|||&#8221; hover_box_shadow=&#8221;horizontal:px|vertical:px|blur:px|spread:px|style:none|&#8221; hover_bg_color=&#8221;rgba(194,210,106,0.29)&#8221; padding=&#8221;padding-top:40px;padding-right:15px;padding-bottom:20px;padding-left:15px;&#8221;][vc_column_text el_class=&#8221;boxientekstit&#8221; css=&#8221;.vc_custom_1524642720208{padding-right: 10px !important;padding-left: 10px !important;}&#8221;]<\/p>\n<h3 style=\"text-align: center;\">TRESTIMA\u00ae<br \/>\nkoulutukset ja materiaali<\/h3>\n<p style=\"text-align: center; color: #c2d26a;\">Osallistu koulutuksiin ja lataa ohjemateriaalia.<\/p>\n<p class=\"tasaus2\" style=\"text-align: center; color: #c2d26a;\">Lue lis\u00e4\u00e4.<\/p>\n<p>[\/vc_column_text][\/ult_content_box][\/vc_column_inner][\/vc_row_inner][\/vc_column][\/vc_row][vc_row css=&#8221;.vc_custom_1522231359682{padding-bottom: 50px !important;}&#8221;][vc_column width=&#8221;1\/6&#8243;][\/vc_column][vc_column width=&#8221;2\/3&#8243; css=&#8221;.vc_custom_1524220371729{padding-right: 15px !important;padding-left: 15px !important;}&#8221;][vc_column_text]<\/p>\n<h3 style=\"text-align: center;\">Trestima Oy:n palkitut mets\u00e4nmittausratkaisut tarjoavat uuden sukupolven helppoutta ja tarkkuutta mets\u00e4arvioiden tekoon ymp\u00e4ri maailman. Kuvantulkintateknologia mahdollistaa erityyppisten mets\u00e4arvioiden nopean ja tarkan tekemisen sek\u00e4 py\u00f6re\u00e4n puun pinomittausten helpon ja tehokkaan suorittamisen.<\/h3>\n<p>[\/vc_column_text][\/vc_column][vc_column width=&#8221;1\/6&#8243;][\/vc_column][\/vc_row][vc_row full_width=&#8221;stretch_row&#8221; css=&#8221;.vc_custom_1524738218205{padding-top: 50px !important;padding-bottom: 50px !important;background-image: url(https:\/\/test2.trestima.com\/w\/\/wp-content\/uploads\/2018\/04\/trestima-oy-metsanmittausjarjestelma-metsasuunnittelijalle-viranomaisille.png?id=1025) !important;background-position: center !important;background-repeat: no-repeat !important;background-size: cover !important;}&#8221;][vc_column css=&#8221;.vc_custom_1524216748026{padding-right: 15px !important;padding-left: 15px !important;}&#8221;][ultimate_heading main_heading=&#8221;Nopea k\u00e4ytt\u00f6\u00f6notto&#8221; main_heading_color=&#8221;#3da336&#8243; main_heading_margin=&#8221;margin-bottom:20px;&#8221;][\/ultimate_heading][vc_column_text]<\/p>\n<p style=\"text-align: center;\">TRESTIMA\u00ae -j\u00e4rjestelm\u00e4n k\u00e4ytt\u00f6\u00f6notto on yksinkertaista &#8211; organisaatiosi tarvitsee vain mobiililaitteet mets\u00e4n mittaajille ja tunnukset TRESTIMA\u00ae -pilvipalveluun.<br \/>\n<strong>TRESTIMA\u00ae -mobiilisovellus on saatavilla Android- ja Apple iOS- laitteisiin. Apple iOS-versiossa vain perus toiminnallisuus.\u00a0<\/strong><\/p>\n<p>[\/vc_column_text][vc_empty_space height=&#8221;30px&#8221;][vc_row_inner equal_height=&#8221;yes&#8221; css=&#8221;.vc_custom_1524220597173{padding-right: 15px !important;padding-left: 15px !important;}&#8221;][vc_column_inner css=&#8221;.vc_custom_1524220436349{padding-right: 15px !important;padding-left: 15px !important;}&#8221; offset=&#8221;vc_col-lg-4 vc_col-md-4&#8243;][ult_content_box box_shadow=&#8221;horizontal:px|vertical:px|blur:px|spread:px|style:none|&#8221; link=&#8221;url:https%3A%2F%2Fplay.google.com%2Fstore%2Fapps%2Fdetails%3Fid%3Dcom.trestima.androidapp|||&#8221; hover_bg_color=&#8221;#d6d6d6&#8243; hover_box_shadow=&#8221;horizontal:px|vertical:px|blur:px|spread:px|style:none|&#8221; padding=&#8221;padding-top:30px;padding-right:15px;padding-bottom:20px;padding-left:15px;&#8221; el_class=&#8221;boxiyksi&#8221;][bsf-info-box icon_type=&#8221;custom&#8221; icon_img=&#8221;id^1038|url^https:\/\/test2.trestima.com\/w\/\/wp-content\/uploads\/2018\/04\/trestima-oy-pinomittausjarjestelma-2.png|caption^null|alt^null|title^trestima-oy-pinomittausjarjestelma-2|description^null&#8221; img_width=&#8221;40&#8243; pos=&#8221;square_box&#8221; desc_font_color=&#8221;#000000&#8243;]Android version voit ladata <u>Google Play Storesta<\/u>.[\/bsf-info-box][\/ult_content_box][\/vc_column_inner][vc_column_inner css=&#8221;.vc_custom_1524220451762{padding-right: 15px !important;padding-left: 15px !important;}&#8221; offset=&#8221;vc_col-lg-4 vc_col-md-4&#8243;][ult_content_box box_shadow=&#8221;horizontal:px|vertical:px|blur:px|spread:px|style:none|&#8221; link=&#8221;url:https%3A%2F%2Fitunes.apple.com%2Fus%2Fapp%2Ftrestima%2Fid1106886045%3Fmt%3D8|||&#8221; hover_box_shadow=&#8221;horizontal:px|vertical:px|blur:px|spread:px|style:none|&#8221; hover_bg_color=&#8221;#d6d6d6&#8243; padding=&#8221;padding-top:30px;padding-right:15px;padding-bottom:20px;padding-left:15px;&#8221; el_class=&#8221;boxikaksi&#8221;][bsf-info-box icon_type=&#8221;custom&#8221; icon_img=&#8221;id^1037|url^https:\/\/test2.trestima.com\/w\/\/wp-content\/uploads\/2018\/04\/trestima-oy-kantokasittelyn-mittaus.png|caption^null|alt^null|title^trestima-oy-kantokasittelyn-mittaus|description^null&#8221; img_width=&#8221;40&#8243; pos=&#8221;square_box&#8221; desc_font_color=&#8221;#000000&#8243;]Apple version voit ladata <u>iTunesista<\/u>.[\/bsf-info-box][\/ult_content_box][\/vc_column_inner][vc_column_inner css=&#8221;.vc_custom_1524220466984{padding-right: 15px !important;padding-left: 15px !important;}&#8221; offset=&#8221;vc_col-lg-4 vc_col-md-4&#8243;][ult_content_box box_shadow=&#8221;horizontal:px|vertical:px|blur:px|spread:px|style:none|&#8221; link=&#8221;url:https%3A%2F%2Fwww.trestima.com%2Fdevices%2F|||&#8221; hover_bg_color=&#8221;#d6d6d6&#8243; hover_box_shadow=&#8221;horizontal:px|vertical:px|blur:px|spread:px|style:none|&#8221; padding=&#8221;padding-top:30px;padding-right:15px;padding-bottom:20px;padding-left:15px;&#8221; el_class=&#8221;boxikolme&#8221;][bsf-info-box icon_type=&#8221;custom&#8221; icon_img=&#8221;id^1035|url^https:\/\/test2.trestima.com\/w\/\/wp-content\/uploads\/2018\/04\/Trestima-Oy-Metsanmittausjarjestelma-kantokasittelyn-mittaus.png|caption^null|alt^null|title^Trestima Oy &#8211; Metsanmittausjarjestelma, kantokasittelyn-mittaus|description^null&#8221; img_width=&#8221;48&#8243; pos=&#8221;square_box&#8221; el_class=&#8221;boxikolme&#8221; desc_font_color=&#8221;#000000&#8243;]<u>Katso lista tuetuista puhelimista<\/u>[\/bsf-info-box][\/ult_content_box][\/vc_column_inner][\/vc_row_inner][vc_empty_space height=&#8221;20px&#8221;][vc_empty_space height=&#8221;40px&#8221;][\/vc_column][\/vc_row][vc_row full_width=&#8221;stretch_row&#8221; css=&#8221;.vc_custom_1524462174612{margin-bottom: -70px !important;padding-top: 50px !important;padding-bottom: 50px !important;}&#8221;][vc_column width=&#8221;1\/6&#8243; el_class=&#8221;responsiivisuusasetukset&#8221; offset=&#8221;vc_hidden-md vc_hidden-sm vc_hidden-xs&#8221;][\/vc_column][vc_column offset=&#8221;vc_col-lg-8 vc_col-md-12&#8243;][vc_column_text]<\/p>\n<h2 style=\"text-align: center; margin-bottom: 30px!important;\">Tiedustelut<\/h2>\n<p style=\"text-align: center;\">Soita ja kysy lis\u00e4\u00e4 tai j\u00e4t\u00e4 yhteydenottopyynt\u00f6 lomakkeella<\/p>\n<h3 style=\"text-align: center;\">Teemu Saram\u00e4ki<a href=\"tel:+358 50\u00a0326 2530\"> +358 50\u00a0326 2530<\/a><\/h3>\n<p>[\/vc_column_text][vc_column_text]<div role=\"form\" class=\"wpcf7\" id=\"wpcf7-f428-o1\" lang=\"fi\" dir=\"ltr\">\n<div class=\"screen-reader-response\"><\/div>\n<form action=\"\/w\/wp-json\/wp\/v2\/pages\/93#wpcf7-f428-o1\" method=\"post\" class=\"wpcf7-form\" novalidate=\"novalidate\">\n<div style=\"display: none;\">\n<input type=\"hidden\" name=\"_wpcf7\" value=\"428\" \/>\n<input type=\"hidden\" name=\"_wpcf7_version\" value=\"5.0.2\" \/>\n<input type=\"hidden\" name=\"_wpcf7_locale\" value=\"fi\" \/>\n<input type=\"hidden\" name=\"_wpcf7_unit_tag\" value=\"wpcf7-f428-o1\" \/>\n<input type=\"hidden\" name=\"_wpcf7_container_post\" value=\"0\" \/>\n<\/div>\n<div class=\"wholeform\">\n<p><label> Valitse osoite <\/label><br \/>\n<span class=\"wpcf7-form-control-wrap radio-112\"><span class=\"wpcf7-form-control wpcf7-radio\"><span class=\"wpcf7-list-item first\"><input type=\"radio\" name=\"radio-112\" value=\"Myynti\" checked=\"checked\" \/><span class=\"wpcf7-list-item-label\">Myynti<\/span><\/span><span class=\"wpcf7-list-item last\"><input type=\"radio\" name=\"radio-112\" value=\"Simo Kivim\u00e4ki\" \/><span class=\"wpcf7-list-item-label\">Simo Kivim\u00e4ki<\/span><\/span><\/span><\/span><\/p>\n<div class=\"leftform\">\n<label> <span class=\"wpcf7-form-control-wrap your-name\"><input type=\"text\" name=\"your-name\" value=\"\" size=\"40\" class=\"wpcf7-form-control wpcf7-text wpcf7-validates-as-required\" aria-required=\"true\" aria-invalid=\"false\" placeholder=\"Nimi\" \/><\/span> <\/label><\/p>\n<p><label> <span class=\"wpcf7-form-control-wrap your-company\"><input type=\"text\" name=\"your-company\" value=\"\" size=\"40\" class=\"wpcf7-form-control wpcf7-text wpcf7-validates-as-required\" aria-required=\"true\" aria-invalid=\"false\" placeholder=\"Yritys tai yhteis\u00f6\" \/><\/span> <\/label><\/p>\n<p><label> <span class=\"wpcf7-form-control-wrap your-email\"><input type=\"email\" name=\"your-email\" value=\"\" size=\"40\" class=\"wpcf7-form-control wpcf7-text wpcf7-email wpcf7-validates-as-required wpcf7-validates-as-email\" aria-required=\"true\" aria-invalid=\"false\" placeholder=\"S\u00e4hk\u00f6posti\" \/><\/span> <\/label><\/p>\n<p><label> <span class=\"wpcf7-form-control-wrap tel-935\"><input type=\"tel\" name=\"tel-935\" value=\"\" size=\"40\" class=\"wpcf7-form-control wpcf7-text wpcf7-tel wpcf7-validates-as-required wpcf7-validates-as-tel\" aria-required=\"true\" aria-invalid=\"false\" placeholder=\"Puhelinnumero\" \/><\/span> <\/label><\/div>\n<div class=\"rightform\"><label> <span class=\"wpcf7-form-control-wrap your-message\"><textarea name=\"your-message\" cols=\"40\" rows=\"10\" class=\"wpcf7-form-control wpcf7-textarea\" aria-invalid=\"false\" placeholder=\"Viesti\"><\/textarea><\/span> <\/label><\/div>\n<p><input type=\"submit\" value=\"L\u00e4het\u00e4\" class=\"wpcf7-form-control wpcf7-submit\" \/><\/p>\n<\/div>\n<div class=\"wpcf7-response-output wpcf7-display-none\"><\/div><\/form><\/div>[\/vc_column_text][\/vc_column][vc_column width=&#8221;1\/6&#8243; el_class=&#8221;responsiivisuusasetukset&#8221; offset=&#8221;vc_hidden-md vc_hidden-sm vc_hidden-xs&#8221;][\/vc_column][\/vc_row]<\/p>\n","protected":false},"excerpt":{"rendered":"<p>[vc_row equal_height=&#8221;yes&#8221; css=&#8221;.vc_custom_1524220356449{margin-top: -150px !important;padding-right: 15px !important;padding-bottom: 70px !important;padding-left: 15px !important;}&#8221;][vc_column][vc_row_inner equal_height=&#8221;yes&#8221; gap=&#8221;30&#8243;][vc_column_inner css=&#8221;.vc_custom_1524218957270{background-color: #4b4b4a !important;background-position: center !important;background-repeat: no-repeat !important;background-size: cover !important;}&#8221; offset=&#8221;vc_col-lg-3 vc_col-md-6&#8243;][ult_content_box box_shadow=&#8221;horizontal:px|vertical:px|blur:px|spread:px|style:none|&#8221; link=&#8221;url:%2Fw%2Fmetsanmittausjarjestelma%2F|||&#8221; hover_box_shadow=&#8221;horizontal:px|vertical:px|blur:px|spread:px|style:none|&#8221; hover_bg_color=&#8221;rgba(194,210,106,0.29)&#8221; bg_color=&#8221;#4b4b4a&#8221; padding=&#8221;padding-top:40px;padding-right:15px;padding-bottom:20px;padding-left:15px;&#8221;][vc_column_text el_class=&#8221;boxientekstit&#8221; css=&#8221;.vc_custom_1524642713054{padding-right: 10px !important;padding-left: 10px !important;}&#8221;] TRESTIMA\u00ae mets\u00e4nmittausj\u00e4rjestelm\u00e4 Mittaa mets\u00e4\u00e4 tarkasti ja nopeasti valokuvia ottamalla. Lue lis\u00e4\u00e4. [\/vc_column_text][\/ult_content_box][\/vc_column_inner][vc_column_inner css=&#8221;.vc_custom_1524218967203{background-color: #4b4b4a !important;background-position: center !important;background-repeat: no-repeat !important;background-size:&hellip;<\/p>\n","protected":false},"author":2,"featured_media":0,"parent":0,"menu_order":0,"comment_status":"closed","ping_status":"open","template":"","meta":{"om_disable_all_campaigns":false,"_uf_show_specific_survey":0,"_uf_disable_surveys":false},"class_list":["post-93","page","type-page","status-publish","hentry","description-off"],"aioseo_notices":[],"_links":{"self":[{"href":"https:\/\/test2.trestima.com\/w\/wp-json\/wp\/v2\/pages\/93","targetHints":{"allow":["GET"]}}],"collection":[{"href":"https:\/\/test2.trestima.com\/w\/wp-json\/wp\/v2\/pages"}],"about":[{"href":"https:\/\/test2.trestima.com\/w\/wp-json\/wp\/v2\/types\/page"}],"author":[{"embeddable":true,"href":"https:\/\/test2.trestima.com\/w\/wp-json\/wp\/v2\/users\/2"}],"replies":[{"embeddable":true,"href":"https:\/\/test2.trestima.com\/w\/wp-json\/wp\/v2\/comments?post=93"}],"version-history":[{"count":170,"href":"https:\/\/test2.trestima.com\/w\/wp-json\/wp\/v2\/pages\/93\/revisions"}],"predecessor-version":[{"id":1811,"href":"https:\/\/test2.trestima.com\/w\/wp-json\/wp\/v2\/pages\/93\/revisions\/1811"}],"wp:attachment":[{"href":"https:\/\/test2.trestima.com\/w\/wp-json\/wp\/v2\/media?parent=93"}],"curies":[{"name":"wp","href":"https:\/\/api.w.org\/{rel}","templated":true}]}}