{"id":1664,"date":"2018-05-28T15:14:55","date_gmt":"2018-05-28T13:14:55","guid":{"rendered":"https:\/\/test2.trestima.com\/w\/\/?page_id=1664"},"modified":"2018-06-01T14:09:04","modified_gmt":"2018-06-01T12:09:04","slug":"yritys","status":"publish","type":"page","link":"https:\/\/test2.trestima.com\/w\/yritys\/","title":{"rendered":"Yritys"},"content":{"rendered":"<p>[vc_row css=&#8221;.vc_custom_1521185556721{margin-bottom: 50px !important;}&#8221;][vc_column width=&#8221;1\/6&#8243; el_class=&#8221;responsiivisuusasetukset&#8221;][\/vc_column][vc_column offset=&#8221;vc_col-lg-8 vc_col-md-12&#8243; css=&#8221;.vc_custom_1524566245842{padding-right: 15px !important;padding-left: 15px !important;}&#8221;][ultimate_heading main_heading=&#8221;Trestima Oy&#8221; main_heading_color=&#8221;#3da336&#8243; main_heading_margin=&#8221;margin-bottom:50px;&#8221;][\/ultimate_heading][vc_column_text]<\/p>\n<p style=\"text-align: center;\">Trestima Oy on tamperelainen vuonna 2012 perustettu yksityinen mets\u00e4alan teknologiayritys.<\/p>\n<p style=\"text-align: center;\">Valmistamme ohjelmistoja, palveluja ja ty\u00f6kaluja erityisesti mets\u00e4teollisuuden ja mets\u00e4talouden ammattilaisten k\u00e4ytt\u00f6\u00f6n.<\/p>\n<p style=\"text-align: center;\">Erikoisosaamistamme ovat konen\u00e4\u00f6n, paikkatiedon, pilvipalveluiden ja mobiiliteknologian soveltaminen vaativiin k\u00e4yt\u00e4nn\u00f6n ongelmiin ja olosuhteisiin.<\/p>\n<p>[\/vc_column_text][\/vc_column][vc_column width=&#8221;1\/6&#8243; el_class=&#8221;responsiivisuusasetukset&#8221;][\/vc_column][\/vc_row][vc_row css=&#8221;.vc_custom_1524485802638{margin-bottom: 50px !important;padding-right: 15px !important;padding-left: 15px !important;}&#8221;][vc_column css=&#8221;.vc_custom_1524486191021{padding-top: 20px !important;padding-right: 15px !important;padding-left: 15px !important;}&#8221;][bsf-info-box icon_type=&#8221;custom&#8221; icon_img=&#8221;id^105|url^https:\/\/test2.trestima.com\/w\/\/wp-content\/uploads\/2018\/03\/simo_mugshot.png|caption^null|alt^null|title^simo_mugshot|description^null&#8221; img_width=&#8221;150&#8243; title=&#8221;Tarina yhti\u00f6n takana&#8221; heading_tag=&#8221;h2&#8243; pos=&#8221;left&#8221;]<em>&#8221;Paljonkohan t\u00e4ss\u00e4kin mets\u00e4ss\u00e4 on puita&#8221;<\/em> ajatteli Simo Kivim\u00e4ki vuonna 2011 talvisella hiihtolenkill\u00e4 ja kipin\u00e4 mets\u00e4n mittaamisesta k\u00e4nnyk\u00e4ll\u00e4 kuvaamalla oli saanut alkunsa. Ajatus sai kypsy\u00e4 rauhassa vuoden p\u00e4iv\u00e4t, kunnes vuonna 2012 Nokia Oyj, Kivim\u00e4en tuolloinen ty\u00f6nantaja, ryhtyi ajamaan alas tuotekehityst\u00e4\u00e4n mobiililaitevalmistajana. Kivim\u00e4ki kertoi ideastaan kolleegalleen Timo Rouviselle, joka itsekin mets\u00e4onomistajana innostui asiasta ja syyskuussa 2012 Trestima Oy oli perustettu.<\/p>\n<p>Viiden ensimm\u00e4isen toimintavuoden aikana alkuper\u00e4isen ajatuksen mukainen &#8221;s\u00e4hk\u00f6inen relaskooppi&#8221; on muovautunut kokonaisvaltaiseksi mets\u00e4tietoj\u00e4rjestelm\u00e4ksi ja tuoteperheeksi. T\u00e4n\u00e4 p\u00e4iv\u00e4n\u00e4 valtaosa Suomessa myyt\u00e4v\u00e4st\u00e4 puusta mitataan TRESTIMAlla ja j\u00e4rjestelm\u00e4\u00e4 k\u00e4ytt\u00e4v\u00e4t lukuisat asiakkaamme ymp\u00e4ri maailmaa.[\/bsf-info-box][\/vc_column][\/vc_row][vc_row full_width=&#8221;stretch_row&#8221; css=&#8221;.vc_custom_1524738542041{padding-top: 50px !important;padding-bottom: 50px !important;background-image: url(https:\/\/test2.trestima.com\/w\/\/wp-content\/uploads\/2018\/04\/trestima-oy-metsanmittausjarjestelma-metsasuunnittelijalle-viranomaisille.png?id=1025) !important;background-position: center !important;background-repeat: no-repeat !important;background-size: cover !important;}&#8221;][vc_column css=&#8221;.vc_custom_1524216748026{padding-right: 15px !important;padding-left: 15px !important;}&#8221;][ultimate_heading main_heading=&#8221;Kommentteja asiakkailta&#8221; main_heading_color=&#8221;#000000&#8243; main_heading_font_size=&#8221;desktop:50px;&#8221;][\/ultimate_heading]<style type=\"text\/css\" data-type=\"the7_shortcodes-inline-css\">.dt-testimonials-shortcode.testimonials-masonry-shortcode-id-1 .testimonial-item {\n  padding: 30px 30px 20px 30px;\n}\n.dt-testimonials-shortcode.testimonials-masonry-shortcode-id-1 .testimonial-name,\n.dt-testimonials-shortcode.testimonials-masonry-shortcode-id-1 .testimonial-name a,\n.dt-testimonials-shortcode.testimonials-masonry-shortcode-id-1 .testimonial-name span {\n  margin-bottom: 0px;\n  font-style: ;\n  font-weight: bold;\n  text-transform: ;\n}\n.dt-testimonials-shortcode.testimonials-masonry-shortcode-id-1 .testimonial-position,\n.dt-testimonials-shortcode.testimonials-masonry-shortcode-id-1 .testimonial-position span {\n  margin-bottom: 20px;\n  font-style: ;\n  font-weight: bold;\n  text-transform: ;\n}\n.dt-testimonials-shortcode.testimonials-masonry-shortcode-id-1  .testimonial-avatar {\n  padding: 0px 20px 20px 0px;\n}\n.dt-testimonials-shortcode.testimonials-masonry-shortcode-id-1  .testimonial-avatar a,\n.dt-testimonials-shortcode.testimonials-masonry-shortcode-id-1  .testimonial-avatar span,\n.dt-testimonials-shortcode.testimonials-masonry-shortcode-id-1  .testimonial-avatar img {\n  max-width: 200px;\n}\n.dt-testimonials-shortcode.testimonials-masonry-shortcode-id-1 .dt-css-grid .testimonial-avatar img,\n.dt-testimonials-shortcode.testimonials-masonry-shortcode-id-1 .dt-css-grid .testimonial-avatar svg {\n  max-width: 100%;\n}\n.dt-testimonials-shortcode.testimonials-masonry-shortcode-id-1.layout-5:not(.hide-testimonial-avatar) .content-wrap,\n.dt-testimonials-shortcode.testimonials-masonry-shortcode-id-1.layout-6:not(.hide-testimonial-avatar) .content-wrap {\n  width: calc(100% - 200px - 20px - 0px);\n}\n.dt-testimonials-shortcode.testimonials-masonry-shortcode-id-1 .testimonial-content {\n  margin-bottom: 0px;\n  font-style: ;\n  font-weight: ;\n  text-transform: ;\n}\n.dt-testimonials-shortcode.testimonials-masonry-shortcode-id-1  .testimonial-avatar,\n.dt-testimonials-shortcode.testimonials-masonry-shortcode-id-1  .testimonial-avatar a.rollover,\n.dt-testimonials-shortcode.testimonials-masonry-shortcode-id-1  .testimonial-avatar a.rollover *,\n.dt-testimonials-shortcode.testimonials-masonry-shortcode-id-1  .testimonial-avatar img,\n.dt-testimonials-shortcode.testimonials-masonry-shortcode-id-1  .testimonial-avatar .no-avatar,\n.dt-testimonials-shortcode.testimonials-masonry-shortcode-id-1  .testim-no-avatar {\n  border-radius: 0px;\n}\n.dt-testimonials-shortcode.testimonials-masonry-shortcode-id-1  .testimonial-avatar .no-avatar {\n  height: 200px;\n}\n.dt-testimonials-shortcode.testimonials-masonry-shortcode-id-1  .testimonial-avatar .no-avatar {\n  font-size: 200px;\n  width: 200px;\n}\n.dt-testimonials-shortcode.testimonials-masonry-shortcode-id-1 .paginator a,\n.dt-testimonials-shortcode.testimonials-masonry-shortcode-id-1 .paginator a * {\n  color: ;\n}\n.dt-testimonials-shortcode.testimonials-masonry-shortcode-id-1:not(.resize-by-browser-width) .dt-css-grid {\n  grid-row-gap: 30px;\n  grid-column-gap: 30px;\n  grid-template-columns: repeat(auto-fill,minmax(,1fr));\n}\n.cssgridlegacy.no-cssgrid .dt-testimonials-shortcode.testimonials-masonry-shortcode-id-1:not(.resize-by-browser-width) .dt-css-grid,\n.no-cssgridlegacy.no-cssgrid .dt-testimonials-shortcode.testimonials-masonry-shortcode-id-1:not(.resize-by-browser-width) .dt-css-grid {\n  display: flex;\n  flex-flow: row wrap;\n  margin: -15px;\n}\n.cssgridlegacy.no-cssgrid .dt-testimonials-shortcode.testimonials-masonry-shortcode-id-1:not(.resize-by-browser-width) .dt-css-grid .wf-cell,\n.no-cssgridlegacy.no-cssgrid .dt-testimonials-shortcode.testimonials-masonry-shortcode-id-1:not(.resize-by-browser-width) .dt-css-grid .wf-cell {\n  flex: 1 0 ;\n  min-width: ;\n  max-width: 100%;\n  padding: 15px;\n  box-sizing: border-box;\n}\n.dt-testimonials-shortcode.testimonials-masonry-shortcode-id-1.resize-by-browser-width .dt-css-grid {\n  grid-template-columns: repeat(2,1fr);\n  grid-template-rows: auto;\n  grid-column-gap: 30px;\n  grid-row-gap: 30px;\n}\n.cssgridlegacy.no-cssgrid .dt-testimonials-shortcode.testimonials-masonry-shortcode-id-1.resize-by-browser-width .dt-css-grid,\n.no-cssgridlegacy.no-cssgrid .dt-testimonials-shortcode.testimonials-masonry-shortcode-id-1.resize-by-browser-width .dt-css-grid {\n  margin: -15px;\n}\n.cssgridlegacy.no-cssgrid .dt-testimonials-shortcode.testimonials-masonry-shortcode-id-1.resize-by-browser-width .dt-css-grid .wf-cell,\n.no-cssgridlegacy.no-cssgrid .dt-testimonials-shortcode.testimonials-masonry-shortcode-id-1.resize-by-browser-width .dt-css-grid .wf-cell {\n  width: 50%;\n  padding: 15px;\n}\n@media screen and (max-width: 1199px) {\n  .dt-testimonials-shortcode.testimonials-masonry-shortcode-id-1.resize-by-browser-width .dt-css-grid {\n    grid-template-columns: repeat(2,1fr);\n  }\n  .cssgridlegacy.no-cssgrid .dt-testimonials-shortcode.testimonials-masonry-shortcode-id-1.resize-by-browser-width .dt-css-grid .wf-cell,\n  .no-cssgridlegacy.no-cssgrid .dt-testimonials-shortcode.testimonials-masonry-shortcode-id-1.resize-by-browser-width .dt-css-grid .wf-cell {\n    width: 50%;\n  }\n}\n@media screen and (max-width: 991px) {\n  .dt-testimonials-shortcode.testimonials-masonry-shortcode-id-1.resize-by-browser-width .dt-css-grid {\n    grid-template-columns: repeat(2,1fr);\n  }\n  .cssgridlegacy.no-cssgrid .dt-testimonials-shortcode.testimonials-masonry-shortcode-id-1.resize-by-browser-width .dt-css-grid .wf-cell,\n  .no-cssgridlegacy.no-cssgrid .dt-testimonials-shortcode.testimonials-masonry-shortcode-id-1.resize-by-browser-width .dt-css-grid .wf-cell {\n    width: 50%;\n  }\n}\n@media screen and (max-width: 767px) {\n  .dt-testimonials-shortcode.testimonials-masonry-shortcode-id-1.resize-by-browser-width .dt-css-grid {\n    grid-template-columns: repeat(1,1fr);\n  }\n  .cssgridlegacy.no-cssgrid .dt-testimonials-shortcode.testimonials-masonry-shortcode-id-1.resize-by-browser-width .dt-css-grid .wf-cell,\n  .no-cssgridlegacy.no-cssgrid .dt-testimonials-shortcode.testimonials-masonry-shortcode-id-1.resize-by-browser-width .dt-css-grid .wf-cell {\n    width: 100%;\n  }\n}\n<\/style><div class=\"dt-testimonials-masonry-shortcode dt-testimonials-shortcode testimonials-masonry-shortcode-id-1 loading-effect-none content-align-center mode-grid content-bg-off layout-1 scale-img dt-css-grid-wrap jquery-filter dt-css-grid-wrap resize-by-browser-width \" data-padding=\"15px\" data-cur-page=\"1\" data-post-limit=\"-1\" data-pagination-mode=\"none\" data-desktop-columns-num=\"2\" data-v-tablet-columns-num=\"2\" data-h-tablet-columns-num=\"2\" data-phone-columns-num=\"1\" data-width=\"0px\" data-columns=\"0\"><div class=\"dt-css-grid\" ><div class=\"wf-cell\" data-post-id=\"1267\" data-date=\"2018-04-27T09:58:17+02:00\" data-name=\"Stora Enso\"><div class=\"testimonial-item\"><div class=\"testimonial-avatar\"><span class=\"testimonial-thumb layzr-bg\"><img loading=\"lazy\" decoding=\"async\" class=\"iso-lazy-load preload-me\" src=\"data:image\/svg+xml,%3Csvg%20xmlns%3D&#39;http%3A%2F%2Fwww.w3.org%2F2000%2Fsvg&#39;%20viewBox%3D&#39;0%200%20200%2077&#39;%2F%3E\" data-src=\"https:\/\/test2.trestima.com\/w\/wp-content\/uploads\/2018\/03\/trestima-oy-storaenso-logo-200x77.png\" data-srcset=\"https:\/\/test2.trestima.com\/w\/wp-content\/uploads\/2018\/03\/trestima-oy-storaenso-logo-200x77.png 200w, https:\/\/test2.trestima.com\/w\/wp-content\/uploads\/2018\/03\/trestima-oy-storaenso-logo-400x154.png 400w\" width=\"200\" height=\"77\"   alt=\"\" \/><\/span><\/div><div class=\"content-wrap\"><div class=\"testimonial-vcard\"><div class=\"testimonial-name\"><span class=\"text-primary\">Stora Enso<\/span><br \/><\/div><div class=\"testimonial-position\"><\/div><\/div><div class=\"testimonial-content\"><p>\u201dLorem ipsum dolor sit amet, consectetur adipiscing elit, sed do.\u201d<\/p>\n<\/div><\/div><\/div><\/div><div class=\"wf-cell\" data-post-id=\"1264\" data-date=\"2018-04-27T09:57:10+02:00\" data-name=\"Mets\u00e4 Group\"><div class=\"testimonial-item\"><div class=\"testimonial-avatar\"><span class=\"testimonial-thumb layzr-bg\"><img loading=\"lazy\" decoding=\"async\" class=\"iso-lazy-load preload-me\" src=\"data:image\/svg+xml,%3Csvg%20xmlns%3D&#39;http%3A%2F%2Fwww.w3.org%2F2000%2Fsvg&#39;%20viewBox%3D&#39;0%200%20200%2077&#39;%2F%3E\" data-src=\"https:\/\/test2.trestima.com\/w\/wp-content\/uploads\/2018\/03\/Metsa\u0308_logo_2012_horizontal-200x77.png\" data-srcset=\"https:\/\/test2.trestima.com\/w\/wp-content\/uploads\/2018\/03\/Metsa\u0308_logo_2012_horizontal-200x77.png 200w, https:\/\/test2.trestima.com\/w\/wp-content\/uploads\/2018\/03\/Metsa\u0308_logo_2012_horizontal-400x154.png 400w\" width=\"200\" height=\"77\"   alt=\"\" \/><\/span><\/div><div class=\"content-wrap\"><div class=\"testimonial-vcard\"><div class=\"testimonial-name\"><span class=\"text-primary\">Mets\u00e4 Group<\/span><br \/><\/div><div class=\"testimonial-position\"><\/div><\/div><div class=\"testimonial-content\"><p>\u201dLorem ipsum dolor sit amet, consectetur adipiscing elit, sed do.\u201d<\/p>\n<\/div><\/div><\/div><\/div><div class=\"wf-cell\" data-post-id=\"1258\" data-date=\"2018-04-27T09:55:50+02:00\" data-name=\"Stora Enso\"><div class=\"testimonial-item\"><div class=\"testimonial-avatar\"><span class=\"testimonial-thumb layzr-bg\"><img loading=\"lazy\" decoding=\"async\" class=\"iso-lazy-load preload-me\" src=\"data:image\/svg+xml,%3Csvg%20xmlns%3D&#39;http%3A%2F%2Fwww.w3.org%2F2000%2Fsvg&#39;%20viewBox%3D&#39;0%200%20200%2077&#39;%2F%3E\" data-src=\"https:\/\/test2.trestima.com\/w\/wp-content\/uploads\/2018\/03\/trestima-oy-storaenso-logo-200x77.png\" data-srcset=\"https:\/\/test2.trestima.com\/w\/wp-content\/uploads\/2018\/03\/trestima-oy-storaenso-logo-200x77.png 200w, https:\/\/test2.trestima.com\/w\/wp-content\/uploads\/2018\/03\/trestima-oy-storaenso-logo-400x154.png 400w\" width=\"200\" height=\"77\"   alt=\"\" \/><\/span><\/div><div class=\"content-wrap\"><div class=\"testimonial-vcard\"><div class=\"testimonial-name\"><span class=\"text-primary\">Stora Enso<\/span><br \/><\/div><div class=\"testimonial-position\"><\/div><\/div><div class=\"testimonial-content\"><p>&#8221;It\u2019s easy to transfer existing forest data to TRESTIMA or use the built in GIS tools to draw the harvesting sites on top of aerial or topographic map. This makes the field work easier by making the navigation easy and ensures that TRESTIMA samples (pictures) are taken in the proper location. TRESTIMA gives us good&hellip;<\/p>\n<\/div><\/div><\/div><\/div><div class=\"wf-cell\" data-post-id=\"1255\" data-date=\"2018-04-27T09:55:25+02:00\" data-name=\"Mets\u00e4 Group\"><div class=\"testimonial-item\"><div class=\"testimonial-avatar\"><span class=\"testimonial-thumb layzr-bg\"><img loading=\"lazy\" decoding=\"async\" class=\"iso-lazy-load preload-me\" src=\"data:image\/svg+xml,%3Csvg%20xmlns%3D&#39;http%3A%2F%2Fwww.w3.org%2F2000%2Fsvg&#39;%20viewBox%3D&#39;0%200%20200%2077&#39;%2F%3E\" data-src=\"https:\/\/test2.trestima.com\/w\/wp-content\/uploads\/2018\/03\/Metsa\u0308_logo_2012_horizontal-200x77.png\" data-srcset=\"https:\/\/test2.trestima.com\/w\/wp-content\/uploads\/2018\/03\/Metsa\u0308_logo_2012_horizontal-200x77.png 200w, https:\/\/test2.trestima.com\/w\/wp-content\/uploads\/2018\/03\/Metsa\u0308_logo_2012_horizontal-400x154.png 400w\" width=\"200\" height=\"77\"   alt=\"\" \/><\/span><\/div><div class=\"content-wrap\"><div class=\"testimonial-vcard\"><div class=\"testimonial-name\"><span class=\"text-primary\">Mets\u00e4 Group<\/span><br \/><\/div><div class=\"testimonial-position\"><\/div><\/div><div class=\"testimonial-content\"><p>&#8221;Mets\u00e4 Forest is using Trestima in Finland as part of mobile applications, both for our own forest specialists\u2019 and owner-members. Integrated Trestima module provides our applications with an efficient and objective tool to collect data to support our wood acquisition and supply processes.&#8221;<\/p>\n<\/div><\/div><\/div><\/div><div class=\"wf-cell\" data-post-id=\"267\" data-date=\"2018-03-23T12:11:17+02:00\" data-name=\"Mets\u00e4 Group\"><div class=\"testimonial-item\"><div class=\"testimonial-avatar\"><span class=\"testimonial-thumb layzr-bg\"><img loading=\"lazy\" decoding=\"async\" class=\"iso-lazy-load preload-me\" src=\"data:image\/svg+xml,%3Csvg%20xmlns%3D&#39;http%3A%2F%2Fwww.w3.org%2F2000%2Fsvg&#39;%20viewBox%3D&#39;0%200%20200%2077&#39;%2F%3E\" data-src=\"https:\/\/test2.trestima.com\/w\/wp-content\/uploads\/2018\/03\/Metsa\u0308_logo_2012_horizontal-200x77.png\" data-srcset=\"https:\/\/test2.trestima.com\/w\/wp-content\/uploads\/2018\/03\/Metsa\u0308_logo_2012_horizontal-200x77.png 200w, https:\/\/test2.trestima.com\/w\/wp-content\/uploads\/2018\/03\/Metsa\u0308_logo_2012_horizontal-400x154.png 400w\" width=\"200\" height=\"77\"   alt=\"\" \/><\/span><\/div><div class=\"content-wrap\"><div class=\"testimonial-vcard\"><div class=\"testimonial-name\"><span class=\"text-primary\">Mets\u00e4 Group<\/span><br \/><\/div><div class=\"testimonial-position\"><\/div><\/div><div class=\"testimonial-content\"><p>\u201dTrestima on k\u00e4yt\u00f6ss\u00e4 Mets\u00e4 Forestin Suomen puunhankinnassa osana kent\u00e4n asiantuntijoidemme omaa maastosovellusta sek\u00e4 omistajaj\u00e4senillemme tarjoamaamme mobiilipalvelua. Trestima tarjoaa tehokkaan ja k\u00e4ytt\u00e4jien v\u00e4lill\u00e4 yhdenmukaisen tavan ker\u00e4t\u00e4 tietoa tukemaan puun ostoa ja mets\u00e4suunnittelua sek\u00e4 tuottamaan monipuolista tietoa puunhankinnan suunnittelun tarpeisiin.\u201d<\/p>\n<\/div><\/div><\/div><\/div><div class=\"wf-cell\" data-post-id=\"266\" data-date=\"2018-03-23T12:10:20+02:00\" data-name=\"Stora Enso\"><div class=\"testimonial-item\"><div class=\"testimonial-avatar\"><span class=\"testimonial-thumb layzr-bg\"><img loading=\"lazy\" decoding=\"async\" class=\"iso-lazy-load preload-me\" src=\"data:image\/svg+xml,%3Csvg%20xmlns%3D&#39;http%3A%2F%2Fwww.w3.org%2F2000%2Fsvg&#39;%20viewBox%3D&#39;0%200%20200%2077&#39;%2F%3E\" data-src=\"https:\/\/test2.trestima.com\/w\/wp-content\/uploads\/2018\/03\/trestima-oy-storaenso-logo-200x77.png\" data-srcset=\"https:\/\/test2.trestima.com\/w\/wp-content\/uploads\/2018\/03\/trestima-oy-storaenso-logo-200x77.png 200w, https:\/\/test2.trestima.com\/w\/wp-content\/uploads\/2018\/03\/trestima-oy-storaenso-logo-400x154.png 400w\" width=\"200\" height=\"77\"   alt=\"\" \/><\/span><\/div><div class=\"content-wrap\"><div class=\"testimonial-vcard\"><div class=\"testimonial-name\"><span class=\"text-primary\">Stora Enso<\/span><br \/><\/div><div class=\"testimonial-position\"><\/div><\/div><div class=\"testimonial-content\"><p>\u201dTrestimaan on helppo siirt\u00e4\u00e4 olemassa oleva mets\u00e4varatieto tai piirt\u00e4\u00e4 mahdolliset hakkuukohteet Trestiman piirtoty\u00f6kalulla ilmakuvan tai ortokuvan perusteellla. Em. suunnittelu helpottaa maastossa hakkuukohteiden l\u00f6yt\u00e4mist\u00e4 ja n\u00e4ytteiden (kuvien) kohdistamista oikeille kuvioille. N\u00e4ytteiden perusteella saamme puukauppaa varten riitt\u00e4v\u00e4ll\u00e4 tarkkuudella tarvittavat tiedot, kuten puum\u00e4\u00e4r\u00e4t puulajeittain, tukkiprosentin, poistettavien puiden keskil\u00e4pimitan ja pituuden.\u201d<\/p>\n<\/div><\/div><\/div><\/div><\/div><!-- iso-container|iso-grid --><\/div>[\/vc_column][\/vc_row][vc_row css=&#8221;.vc_custom_1524726897786{margin-top: 50px !important;margin-bottom: 50px !important;padding-right: 15px !important;padding-left: 15px !important;}&#8221;][vc_column][ultimate_heading main_heading=&#8221;Asiakkaita ja yhteisty\u00f6kumppaneita&#8221; main_heading_color=&#8221;#3da336&#8243; main_heading_font_size=&#8221;desktop:50px;&#8221; main_heading_margin=&#8221;margin-bottom:30px;&#8221;][\/ultimate_heading][vc_row_inner equal_height=&#8221;yes&#8221; gap=&#8221;30&#8243; css=&#8221;.vc_custom_1524726905344{padding-right: 15px !important;padding-left: 15px !important;}&#8221;][vc_column_inner width=&#8221;1\/3&#8243; offset=&#8221;vc_col-lg-2 vc_col-md-2 vc_col-xs-6&#8243;][vc_single_image image=&#8221;964&#8243; alignment=&#8221;center&#8221;][\/vc_column_inner][vc_column_inner width=&#8221;1\/3&#8243; offset=&#8221;vc_col-lg-2 vc_col-md-2 vc_col-xs-6&#8243;][vc_single_image image=&#8221;968&#8243; alignment=&#8221;center&#8221;][\/vc_column_inner][vc_column_inner width=&#8221;1\/3&#8243; offset=&#8221;vc_col-lg-2 vc_col-md-2 vc_col-xs-6&#8243;][vc_single_image image=&#8221;970&#8243; alignment=&#8221;center&#8221;][\/vc_column_inner][vc_column_inner width=&#8221;1\/3&#8243; offset=&#8221;vc_col-lg-2 vc_col-md-2 vc_col-xs-6&#8243;][vc_single_image image=&#8221;973&#8243; alignment=&#8221;center&#8221;][\/vc_column_inner][vc_column_inner width=&#8221;1\/3&#8243; offset=&#8221;vc_col-lg-2 vc_col-md-2 vc_col-xs-6&#8243;][vc_single_image image=&#8221;975&#8243; alignment=&#8221;center&#8221;][\/vc_column_inner][vc_column_inner width=&#8221;1\/3&#8243; offset=&#8221;vc_col-lg-2 vc_col-md-2 vc_col-xs-6&#8243;][vc_single_image image=&#8221;976&#8243; alignment=&#8221;center&#8221;][\/vc_column_inner][\/vc_row_inner][vc_row_inner equal_height=&#8221;yes&#8221; gap=&#8221;30&#8243; css=&#8221;.vc_custom_1524726905344{padding-right: 15px !important;padding-left: 15px !important;}&#8221;][vc_column_inner width=&#8221;1\/3&#8243; offset=&#8221;vc_col-lg-2 vc_col-md-2 vc_col-xs-6&#8243;][vc_single_image image=&#8221;978&#8243; alignment=&#8221;center&#8221;][\/vc_column_inner][vc_column_inner width=&#8221;1\/3&#8243; offset=&#8221;vc_col-lg-2 vc_col-md-2 vc_col-xs-6&#8243;][vc_single_image image=&#8221;962&#8243; alignment=&#8221;center&#8221;][\/vc_column_inner][vc_column_inner width=&#8221;1\/3&#8243; offset=&#8221;vc_col-lg-2 vc_col-md-2 vc_col-xs-6&#8243;][vc_single_image image=&#8221;980&#8243; alignment=&#8221;center&#8221;][\/vc_column_inner][vc_column_inner width=&#8221;1\/3&#8243; offset=&#8221;vc_col-lg-2 vc_col-md-2 vc_col-xs-6&#8243;][vc_single_image image=&#8221;982&#8243; alignment=&#8221;center&#8221;][\/vc_column_inner][vc_column_inner width=&#8221;1\/3&#8243; offset=&#8221;vc_col-lg-2 vc_col-md-2 vc_col-xs-6&#8243;][vc_single_image image=&#8221;984&#8243; alignment=&#8221;center&#8221;][\/vc_column_inner][vc_column_inner width=&#8221;1\/3&#8243; offset=&#8221;vc_col-lg-2 vc_col-md-2 vc_col-xs-6&#8243;][vc_single_image image=&#8221;986&#8243; alignment=&#8221;center&#8221;][\/vc_column_inner][\/vc_row_inner][vc_row_inner equal_height=&#8221;yes&#8221; gap=&#8221;30&#8243; css=&#8221;.vc_custom_1524726905344{padding-right: 15px !important;padding-left: 15px !important;}&#8221;][vc_column_inner width=&#8221;1\/3&#8243; offset=&#8221;vc_col-lg-2 vc_col-md-2 vc_col-xs-6&#8243;][vc_single_image image=&#8221;988&#8243; alignment=&#8221;center&#8221;][\/vc_column_inner][vc_column_inner width=&#8221;1\/3&#8243; offset=&#8221;vc_col-lg-2 vc_col-md-2 vc_col-xs-6&#8243;][vc_single_image image=&#8221;990&#8243; alignment=&#8221;center&#8221;][\/vc_column_inner][vc_column_inner width=&#8221;1\/3&#8243; offset=&#8221;vc_col-lg-2 vc_col-md-2 vc_col-xs-6&#8243;][vc_single_image image=&#8221;992&#8243; alignment=&#8221;center&#8221;][\/vc_column_inner][vc_column_inner width=&#8221;1\/3&#8243; offset=&#8221;vc_col-lg-2 vc_col-md-2 vc_col-xs-6&#8243;][vc_single_image image=&#8221;994&#8243; alignment=&#8221;center&#8221;][\/vc_column_inner][vc_column_inner width=&#8221;1\/3&#8243; offset=&#8221;vc_col-lg-2 vc_col-md-2 vc_col-xs-6&#8243;][vc_single_image image=&#8221;996&#8243; alignment=&#8221;center&#8221;][\/vc_column_inner][vc_column_inner width=&#8221;1\/3&#8243; offset=&#8221;vc_col-lg-2 vc_col-md-2 vc_col-xs-6&#8243;][vc_single_image image=&#8221;997&#8243; alignment=&#8221;center&#8221;][\/vc_column_inner][\/vc_row_inner][\/vc_column][\/vc_row][vc_row full_width=&#8221;stretch_row&#8221; css=&#8221;.vc_custom_1524738566775{margin-bottom: -70px !important;padding-top: 50px !important;padding-bottom: 50px !important;background-image: url(https:\/\/test2.trestima.com\/w\/\/wp-content\/uploads\/2018\/04\/trestima-oy-metsanmittausjarjestelma-metsasuunnittelijalle-viranomaisille.png?id=1025) !important;background-position: center !important;background-repeat: no-repeat !important;background-size: cover !important;}&#8221;][vc_column css=&#8221;.vc_custom_1524216748026{padding-right: 15px !important;padding-left: 15px !important;}&#8221;][ultimate_heading main_heading=&#8221;Avoimet ty\u00f6paikat&#8221; main_heading_color=&#8221;#000000&#8243; main_heading_font_size=&#8221;desktop:50px;&#8221; main_heading_margin=&#8221;margin-bottom:30px;&#8221;][\/ultimate_heading][vc_column_text]<\/p>\n<p style=\"text-align: center;\">Trestima on nopeasti kasvava IT-yritys. Etsimme jatkuvasti uusia kykyj\u00e4 vahvistamaan tiimi\u00e4mme.<\/p>\n<p style=\"text-align: center;\">Oletpa sitten softakehityksen mestari, myynnin ja markkinoinnin spesialisti, tai vain etsim\u00e4ss\u00e4 uutta uraa mets\u00e4-IT-sektorilta, meill\u00e4 saattaa olla sinulle t\u00f6it\u00e4.<\/p>\n<p style=\"text-align: center;\"><a href=\"\/w\/rekry\/\">J\u00e4t\u00e4 siis avoin hakemus<\/a> lomakkeellamme tai ota yhteytt\u00e4 rekry@trestima.com.<\/p>\n<p>[\/vc_column_text][\/vc_column][\/vc_row]<\/p>\n","protected":false},"excerpt":{"rendered":"<p>[vc_row css=&#8221;.vc_custom_1521185556721{margin-bottom: 50px !important;}&#8221;][vc_column width=&#8221;1\/6&#8243; el_class=&#8221;responsiivisuusasetukset&#8221;][\/vc_column][vc_column offset=&#8221;vc_col-lg-8 vc_col-md-12&#8243; css=&#8221;.vc_custom_1524566245842{padding-right: 15px !important;padding-left: 15px !important;}&#8221;][ultimate_heading main_heading=&#8221;Trestima Oy&#8221; main_heading_color=&#8221;#3da336&#8243; main_heading_margin=&#8221;margin-bottom:50px;&#8221;][\/ultimate_heading][vc_column_text] Trestima Oy on tamperelainen vuonna 2012 perustettu yksityinen mets\u00e4alan teknologiayritys. Valmistamme ohjelmistoja, palveluja ja ty\u00f6kaluja erityisesti mets\u00e4teollisuuden ja mets\u00e4talouden ammattilaisten k\u00e4ytt\u00f6\u00f6n. Erikoisosaamistamme ovat konen\u00e4\u00f6n, paikkatiedon, pilvipalveluiden ja mobiiliteknologian soveltaminen vaativiin k\u00e4yt\u00e4nn\u00f6n ongelmiin ja olosuhteisiin. [\/vc_column_text][\/vc_column][vc_column width=&#8221;1\/6&#8243; el_class=&#8221;responsiivisuusasetukset&#8221;][\/vc_column][\/vc_row][vc_row css=&#8221;.vc_custom_1524485802638{margin-bottom:&hellip;<\/p>\n","protected":false},"author":2,"featured_media":0,"parent":0,"menu_order":0,"comment_status":"closed","ping_status":"open","template":"","meta":{"om_disable_all_campaigns":false,"_uf_show_specific_survey":0,"_uf_disable_surveys":false},"class_list":["post-1664","page","type-page","status-publish","hentry","description-off"],"aioseo_notices":[],"_links":{"self":[{"href":"https:\/\/test2.trestima.com\/w\/wp-json\/wp\/v2\/pages\/1664","targetHints":{"allow":["GET"]}}],"collection":[{"href":"https:\/\/test2.trestima.com\/w\/wp-json\/wp\/v2\/pages"}],"about":[{"href":"https:\/\/test2.trestima.com\/w\/wp-json\/wp\/v2\/types\/page"}],"author":[{"embeddable":true,"href":"https:\/\/test2.trestima.com\/w\/wp-json\/wp\/v2\/users\/2"}],"replies":[{"embeddable":true,"href":"https:\/\/test2.trestima.com\/w\/wp-json\/wp\/v2\/comments?post=1664"}],"version-history":[{"count":3,"href":"https:\/\/test2.trestima.com\/w\/wp-json\/wp\/v2\/pages\/1664\/revisions"}],"predecessor-version":[{"id":1884,"href":"https:\/\/test2.trestima.com\/w\/wp-json\/wp\/v2\/pages\/1664\/revisions\/1884"}],"wp:attachment":[{"href":"https:\/\/test2.trestima.com\/w\/wp-json\/wp\/v2\/media?parent=1664"}],"curies":[{"name":"wp","href":"https:\/\/api.w.org\/{rel}","templated":true}]}}