{"id":1302,"date":"2018-04-27T10:12:59","date_gmt":"2018-04-27T08:12:59","guid":{"rendered":"https:\/\/test2.trestima.com\/w\/\/?page_id=1302"},"modified":"2018-06-01T13:49:03","modified_gmt":"2018-06-01T11:49:03","slug":"produkter","status":"publish","type":"page","link":"https:\/\/test2.trestima.com\/w\/sv\/produkter\/","title":{"rendered":"Produkter"},"content":{"rendered":"<div class=\"wpb-content-wrapper\"><p>[vc_row equal_height=&#8221;yes&#8221; css=&#8221;.vc_custom_1524220356449{margin-top: -150px !important;padding-right: 15px !important;padding-bottom: 70px !important;padding-left: 15px !important;}&#8221;][vc_column][vc_row_inner equal_height=&#8221;yes&#8221; gap=&#8221;30&#8243;][vc_column_inner css=&#8221;.vc_custom_1524218957270{background-color: #4b4b4a !important;background-position: center !important;background-repeat: no-repeat !important;background-size: cover !important;}&#8221; offset=&#8221;vc_col-lg-3 vc_col-md-6&#8243;]<div class=\"ult-content-box-container \" >\t<a class=\"ult-content-box-anchor\" href=\"\/w\/sv\/forest-matningssystem\/\" >\t\t<div class=\"ult-content-box\" style=\"background-color:#4b4b4a;box-shadow: px px px px none;padding-top:40px;padding-right:15px;padding-bottom:20px;padding-left:15px;-webkit-transition: all 700ms ease;-moz-transition: all 700ms ease;-ms-transition: all 700ms ease;-o-transition: all 700ms ease;transition: all 700ms ease;\"  data-hover_bg_color=\"rgba(194,210,106,0.29)\"  data-hover_box_shadow=\"none\"     data-bg=\"#4b4b4a\" >[vc_column_text el_class=&#8221;boxientekstit&#8221; css=&#8221;.vc_custom_1524642713054{padding-right: 10px !important;padding-left: 10px !important;}&#8221;]<\/p>\n<h3 style=\"text-align: center;\">TRESTIMA\u00ae<br \/>\nmets\u00e4nmittausj\u00e4rjestelm\u00e4<\/h3>\n<p style=\"text-align: center; color: #c2d26a;\">Mittaa mets\u00e4\u00e4 tarkasti ja nopeasti valokuvia ottamalla.<\/p>\n<p class=\"tasaus1\" style=\"text-align: center; color: #c2d26a;\">Lue lis\u00e4\u00e4.<\/p>\n<p>[\/vc_column_text]\t\t<\/div>\t<\/a><\/div>[\/vc_column_inner][vc_column_inner css=&#8221;.vc_custom_1524218967203{background-color: #4b4b4a !important;background-position: center !important;background-repeat: no-repeat !important;background-size: contain !important;}&#8221; offset=&#8221;vc_col-lg-3 vc_col-md-6&#8243;]<div class=\"ult-content-box-container \" >\t<a class=\"ult-content-box-anchor\" href=\"\/w\/sv\/stack-stapelsmatningssystem\/\" >\t\t<div class=\"ult-content-box\" style=\"box-shadow: px px px px none;padding-top:40px;padding-right:15px;padding-bottom:20px;padding-left:15px;-webkit-transition: all 700ms ease;-moz-transition: all 700ms ease;-ms-transition: all 700ms ease;-o-transition: all 700ms ease;transition: all 700ms ease;\"  data-hover_bg_color=\"rgba(194,210,106,0.29)\"  data-hover_box_shadow=\"none\"    >[vc_column_text el_class=&#8221;boxientekstit&#8221; css=&#8221;.vc_custom_1524218595877{padding-right: 10px !important;padding-left: 10px !important;}&#8221;]<\/p>\n<h3 style=\"text-align: center;\">TRESTIMA\u00ae Stack<br \/>\npinomittausj\u00e4rjestelm\u00e4<\/h3>\n<p style=\"text-align: center; color: #c2d26a;\">Mittaa py\u00f6re\u00e4n puun pinoja mobiilisovelluksella kuvaamalla.<\/p>\n<p style=\"text-align: center; color: #c2d26a;\">Lue lis\u00e4\u00e4.<\/p>\n<p>[\/vc_column_text]\t\t<\/div>\t<\/a><\/div>[\/vc_column_inner][vc_column_inner css=&#8221;.vc_custom_1524218991212{background-color: #4b4b4a !important;}&#8221; offset=&#8221;vc_col-lg-3 vc_col-md-6&#8243;]<div class=\"ult-content-box-container \" >\t<a class=\"ult-content-box-anchor\" href=\"\/w\/sv\/matning-av-belastningshantering\/\" >\t\t<div class=\"ult-content-box\" style=\"box-shadow: px px px px none;padding-top:40px;padding-right:15px;padding-bottom:20px;padding-left:15px;-webkit-transition: all 700ms ease;-moz-transition: all 700ms ease;-ms-transition: all 700ms ease;-o-transition: all 700ms ease;transition: all 700ms ease;\"  data-hover_bg_color=\"rgba(194,210,106,0.29)\"  data-hover_box_shadow=\"none\"    >[vc_column_text el_class=&#8221;boxientekstit&#8221; css=&#8221;.vc_custom_1524218609353{padding-right: 10px !important;padding-left: 10px !important;}&#8221;]<\/p>\n<h3 style=\"text-align: center;\">TRESTIMA\u00ae<br \/>\nkantok\u00e4sittelyn mittaus<\/h3>\n<p style=\"text-align: center; color: #c2d26a;\">Helppo ja nopea tapa m\u00e4\u00e4ritt\u00e4\u00e4 kantok\u00e4sittelyn kattavuus.<\/p>\n<p style=\"text-align: center; color: #c2d26a;\">Lue lis\u00e4\u00e4.<\/p>\n<p>[\/vc_column_text]\t\t<\/div>\t<\/a><\/div>[\/vc_column_inner][vc_column_inner css=&#8221;.vc_custom_1524219003982{background-color: #4b4b4a !important;}&#8221; offset=&#8221;vc_col-lg-3 vc_col-md-6&#8243;]<div class=\"ult-content-box-container \" >\t<a class=\"ult-content-box-anchor\" href=\"\/w\/sv\/utbildning-och-material\/\" >\t\t<div class=\"ult-content-box\" style=\"box-shadow: px px px px none;padding-top:40px;padding-right:15px;padding-bottom:20px;padding-left:15px;-webkit-transition: all 700ms ease;-moz-transition: all 700ms ease;-ms-transition: all 700ms ease;-o-transition: all 700ms ease;transition: all 700ms ease;\"  data-hover_bg_color=\"rgba(194,210,106,0.29)\"  data-hover_box_shadow=\"none\"    >[vc_column_text el_class=&#8221;boxientekstit&#8221; css=&#8221;.vc_custom_1524642720208{padding-right: 10px !important;padding-left: 10px !important;}&#8221;]<\/p>\n<h3 style=\"text-align: center;\">TRESTIMA\u00ae<br \/>\nkoulutukset ja materiaali<\/h3>\n<p style=\"text-align: center; color: #c2d26a;\">Osallistu koulutuksiin ja lataa ohjemateriaalia.<\/p>\n<p class=\"tasaus2\" style=\"text-align: center; color: #c2d26a;\">Lue lis\u00e4\u00e4.<\/p>\n<p>[\/vc_column_text]\t\t<\/div>\t<\/a><\/div>[\/vc_column_inner][\/vc_row_inner][\/vc_column][\/vc_row][vc_row css=&#8221;.vc_custom_1522231359682{padding-bottom: 50px !important;}&#8221;][vc_column width=&#8221;1\/6&#8243;][\/vc_column][vc_column width=&#8221;2\/3&#8243; css=&#8221;.vc_custom_1524220371729{padding-right: 15px !important;padding-left: 15px !important;}&#8221;][vc_column_text]<\/p>\n<h3 style=\"text-align: center;\">Trestima Oy:n palkitut mets\u00e4nmittausratkaisut tarjoavat uuden sukupolven helppoutta ja tarkkuutta mets\u00e4arvioiden tekoon ymp\u00e4ri maailman. Kuvantulkintateknologia mahdollistaa erityyppisten mets\u00e4arvioiden nopean ja tarkan tekemisen sek\u00e4 py\u00f6re\u00e4n puun pinomittausten helpon ja tehokkaan suorittamisen.<\/h3>\n<p>[\/vc_column_text][\/vc_column][vc_column width=&#8221;1\/6&#8243;][\/vc_column][\/vc_row][vc_row full_width=&#8221;stretch_row&#8221; css=&#8221;.vc_custom_1524738218205{padding-top: 50px !important;padding-bottom: 50px !important;background-image: url(https:\/\/test2.trestima.com\/w\/\/wp-content\/uploads\/2018\/04\/trestima-oy-metsanmittausjarjestelma-metsasuunnittelijalle-viranomaisille.png?id=1025) !important;background-position: center !important;background-repeat: no-repeat !important;background-size: cover !important;}&#8221;][vc_column css=&#8221;.vc_custom_1524216748026{padding-right: 15px !important;padding-left: 15px !important;}&#8221;]<div id=\"ultimate-heading-188269fb507a3611c\" class=\"uvc-heading ult-adjust-bottom-margin ultimate-heading-188269fb507a3611c uvc-6124 \" data-hspacer=\"no_spacer\"  data-halign=\"center\" style=\"text-align:center\"><div class=\"uvc-heading-spacer no_spacer\" style=\"top\"><\/div><div class=\"uvc-main-heading ult-responsive\"  data-ultimate-target='.uvc-heading.ultimate-heading-188269fb507a3611c h2'  data-responsive-json-new='{\"font-size\":\"\",\"line-height\":\"\"}' ><h2 style=\"font-weight:normal;color:#3da336;margin-bottom:20px;\">Nopea k\u00e4ytt\u00f6\u00f6notto<\/h2><\/div><\/div>[vc_column_text]<\/p>\n<p style=\"text-align: center;\">TRESTIMA\u00ae -j\u00e4rjestelm\u00e4n k\u00e4ytt\u00f6\u00f6notto on yksinkertaista &#8211; organisaatiosi tarvitsee vain mobiililaitteet mets\u00e4n mittaajille ja tunnukset TRESTIMA\u00ae -pilvipalveluun.<br \/>\n<strong>TRESTIMA\u00ae -mobiilisovellus on saatavilla Android-laitteisiin (Apple iOS-versio testaamiseen).\u00a0<\/strong><\/p>\n<p>[\/vc_column_text][vc_empty_space height=&#8221;30px&#8221;][vc_row_inner equal_height=&#8221;yes&#8221; css=&#8221;.vc_custom_1524220597173{padding-right: 15px !important;padding-left: 15px !important;}&#8221;][vc_column_inner css=&#8221;.vc_custom_1524220436349{padding-right: 15px !important;padding-left: 15px !important;}&#8221; offset=&#8221;vc_col-lg-4 vc_col-md-4&#8243;]<div class=\"ult-content-box-container boxiyksi\" >\t<a class=\"ult-content-box-anchor\" href=\"https:\/\/play.google.com\/store\/apps\/details?id=com.trestima.androidapp\" >\t\t<div class=\"ult-content-box\" style=\"box-shadow: px px px px none;padding-top:30px;padding-right:15px;padding-bottom:20px;padding-left:15px;-webkit-transition: all 700ms ease;-moz-transition: all 700ms ease;-ms-transition: all 700ms ease;-o-transition: all 700ms ease;transition: all 700ms ease;\"  data-hover_bg_color=\"#d6d6d6\"  data-hover_box_shadow=\"none\"    ><div class=\"aio-icon-component    style_1\"><div id=\"Info-box-wrap-7955\" class=\"aio-icon-box square_box-icon\" style=\"\"  ><div class=\"aio-icon-square_box\"><div class=\"ult-just-icon-wrapper  \"><div class=\"align-icon\" style=\"text-align:center;\">\n<div class=\"aio-icon-img \" style=\"font-size:40px;display:inline-block;\" >\n\t<img decoding=\"async\" class=\"img-icon\" alt=\"null\" src=\"https:\/\/test2.trestima.com\/w\/wp-content\/uploads\/2018\/04\/trestima-oy-pinomittausjarjestelma-2.png\"\/>\n<\/div><\/div><\/div><\/div><div class=\"aio-icon-description ult-responsive\"  data-ultimate-target='#Info-box-wrap-7955 .aio-icon-description'  data-responsive-json-new='{\"font-size\":\"\",\"line-height\":\"\"}'  style=\"color:#000000;\">Android version voit ladata <u>Google Play Storesta<\/u>.<\/div> <!-- description --><\/div> <!-- aio-icon-box --><\/div> <!-- aio-icon-component -->\t\t<\/div>\t<\/a><\/div>[\/vc_column_inner][vc_column_inner css=&#8221;.vc_custom_1524220451762{padding-right: 15px !important;padding-left: 15px !important;}&#8221; offset=&#8221;vc_col-lg-4 vc_col-md-4&#8243;]<div class=\"ult-content-box-container boxikaksi\" >\t<a class=\"ult-content-box-anchor\" href=\"https:\/\/itunes.apple.com\/us\/app\/trestima\/id1106886045?mt=8\" >\t\t<div class=\"ult-content-box\" style=\"box-shadow: px px px px none;padding-top:30px;padding-right:15px;padding-bottom:20px;padding-left:15px;-webkit-transition: all 700ms ease;-moz-transition: all 700ms ease;-ms-transition: all 700ms ease;-o-transition: all 700ms ease;transition: all 700ms ease;\"  data-hover_bg_color=\"#d6d6d6\"  data-hover_box_shadow=\"none\"    ><div class=\"aio-icon-component    style_1\"><div id=\"Info-box-wrap-3696\" class=\"aio-icon-box square_box-icon\" style=\"\"  ><div class=\"aio-icon-square_box\"><div class=\"ult-just-icon-wrapper  \"><div class=\"align-icon\" style=\"text-align:center;\">\n<div class=\"aio-icon-img \" style=\"font-size:40px;display:inline-block;\" >\n\t<img decoding=\"async\" class=\"img-icon\" alt=\"null\" src=\"https:\/\/test2.trestima.com\/w\/wp-content\/uploads\/2018\/04\/trestima-oy-kantokasittelyn-mittaus.png\"\/>\n<\/div><\/div><\/div><\/div><div class=\"aio-icon-description ult-responsive\"  data-ultimate-target='#Info-box-wrap-3696 .aio-icon-description'  data-responsive-json-new='{\"font-size\":\"\",\"line-height\":\"\"}'  style=\"color:#000000;\">Apple version voit ladata <u>iTunesista<\/u>.<\/div> <!-- description --><\/div> <!-- aio-icon-box --><\/div> <!-- aio-icon-component -->\t\t<\/div>\t<\/a><\/div>[\/vc_column_inner][vc_column_inner css=&#8221;.vc_custom_1524220466984{padding-right: 15px !important;padding-left: 15px !important;}&#8221; offset=&#8221;vc_col-lg-4 vc_col-md-4&#8243;]<div class=\"ult-content-box-container boxikolme\" >\t<a class=\"ult-content-box-anchor\" href=\"https:\/\/www.trestima.com\/devices\/\" >\t\t<div class=\"ult-content-box\" style=\"box-shadow: px px px px none;padding-top:30px;padding-right:15px;padding-bottom:20px;padding-left:15px;-webkit-transition: all 700ms ease;-moz-transition: all 700ms ease;-ms-transition: all 700ms ease;-o-transition: all 700ms ease;transition: all 700ms ease;\"  data-hover_bg_color=\"#d6d6d6\"  data-hover_box_shadow=\"none\"    ><div class=\"aio-icon-component   boxikolme style_1\"><div id=\"Info-box-wrap-2485\" class=\"aio-icon-box square_box-icon\" style=\"\"  ><div class=\"aio-icon-square_box\"><div class=\"ult-just-icon-wrapper  \"><div class=\"align-icon\" style=\"text-align:center;\">\n<div class=\"aio-icon-img \" style=\"font-size:48px;display:inline-block;\" >\n\t<img decoding=\"async\" class=\"img-icon\" alt=\"null\" src=\"https:\/\/test2.trestima.com\/w\/wp-content\/uploads\/2018\/04\/Trestima-Oy-Metsanmittausjarjestelma-kantokasittelyn-mittaus.png\"\/>\n<\/div><\/div><\/div><\/div><div class=\"aio-icon-description ult-responsive\"  data-ultimate-target='#Info-box-wrap-2485 .aio-icon-description'  data-responsive-json-new='{\"font-size\":\"\",\"line-height\":\"\"}'  style=\"color:#000000;\"><u>Katso lista tuetuista puhelimista<\/u><\/div> <!-- description --><\/div> <!-- aio-icon-box --><\/div> <!-- aio-icon-component -->\t\t<\/div>\t<\/a><\/div>[\/vc_column_inner][\/vc_row_inner][vc_empty_space height=&#8221;20px&#8221;][vc_column_text]<\/p>\n<p style=\"text-align: center;\">Myymme my\u00f6s esiasennettuja ja mittausvalmiita laitteita avaimet k\u00e4teen pakettina.<\/p>\n<p>[\/vc_column_text][vc_empty_space height=&#8221;40px&#8221;][\/vc_column][\/vc_row][vc_row full_width=&#8221;stretch_row&#8221; css=&#8221;.vc_custom_1524462174612{margin-bottom: -70px !important;padding-top: 50px !important;padding-bottom: 50px !important;}&#8221;][vc_column width=&#8221;1\/6&#8243; el_class=&#8221;responsiivisuusasetukset&#8221; offset=&#8221;vc_hidden-md vc_hidden-sm vc_hidden-xs&#8221;][\/vc_column][vc_column offset=&#8221;vc_col-lg-8 vc_col-md-12&#8243;][vc_column_text]<\/p>\n<h2 style=\"text-align: center; margin-bottom: 30px!important;\">Tiedustelut<\/h2>\n<p style=\"text-align: center;\">Soita ja kysy lis\u00e4\u00e4 tai j\u00e4t\u00e4 yhteydenottopyynt\u00f6 lomakkeella<\/p>\n<h3 style=\"text-align: center;\">Teemu Saram\u00e4ki<a href=\"tel:+358 50\u00a0326 2530\"> +358 50\u00a0326 2530<\/a><\/h3>\n<p>[\/vc_column_text][vc_column_text]\n<div class=\"wpcf7 no-js\" id=\"wpcf7-f1322-o1\" lang=\"fi\" dir=\"ltr\" data-wpcf7-id=\"1322\">\n<div class=\"screen-reader-response\"><p role=\"status\" aria-live=\"polite\" aria-atomic=\"true\"><\/p> <ul><\/ul><\/div>\n<form action=\"\/w\/wp-json\/wp\/v2\/pages\/1302#wpcf7-f1322-o1\" method=\"post\" class=\"wpcf7-form init\" aria-label=\"Yhteydenottolomake\" novalidate=\"novalidate\" data-status=\"init\">\n<fieldset class=\"hidden-fields-container\"><input type=\"hidden\" name=\"_wpcf7\" value=\"1322\" \/><input type=\"hidden\" name=\"_wpcf7_version\" value=\"6.1.5\" \/><input type=\"hidden\" name=\"_wpcf7_locale\" value=\"fi\" \/><input type=\"hidden\" name=\"_wpcf7_unit_tag\" value=\"wpcf7-f1322-o1\" \/><input type=\"hidden\" name=\"_wpcf7_container_post\" value=\"0\" \/><input type=\"hidden\" name=\"_wpcf7_posted_data_hash\" value=\"\" \/>\n<\/fieldset>\n<div class=\"wholeform\">\n\t<p><label>Choose address<\/label><br \/>\n<span class=\"wpcf7-form-control-wrap\" data-name=\"radio-112\"><span class=\"wpcf7-form-control wpcf7-radio\"><span class=\"wpcf7-list-item first\"><input type=\"radio\" name=\"radio-112\" value=\"Sales\" checked=\"checked\" \/><span class=\"wpcf7-list-item-label\">Sales<\/span><\/span><span class=\"wpcf7-list-item last\"><input type=\"radio\" name=\"radio-112\" value=\"Simo Kivim\u00e4ki\" \/><span class=\"wpcf7-list-item-label\">Simo Kivim\u00e4ki<\/span><\/span><\/span><\/span>\n\t<\/p>\n\t<div class=\"leftform\">\n\t\t<p><label> <span class=\"wpcf7-form-control-wrap\" data-name=\"your-name\"><input size=\"40\" maxlength=\"400\" class=\"wpcf7-form-control wpcf7-text wpcf7-validates-as-required\" aria-required=\"true\" aria-invalid=\"false\" placeholder=\"Your name\" value=\"\" type=\"text\" name=\"your-name\" \/><\/span> <\/label>\n\t\t<\/p>\n\t\t<p><label> <span class=\"wpcf7-form-control-wrap\" data-name=\"your-company\"><input size=\"40\" maxlength=\"400\" class=\"wpcf7-form-control wpcf7-text wpcf7-validates-as-required\" aria-required=\"true\" aria-invalid=\"false\" placeholder=\"Company\/Organization name\" value=\"\" type=\"text\" name=\"your-company\" \/><\/span> <\/label>\n\t\t<\/p>\n\t\t<p><label> <span class=\"wpcf7-form-control-wrap\" data-name=\"your-email\"><input size=\"40\" maxlength=\"400\" class=\"wpcf7-form-control wpcf7-email wpcf7-validates-as-required wpcf7-text wpcf7-validates-as-email\" aria-required=\"true\" aria-invalid=\"false\" placeholder=\"E-mail address\" value=\"\" type=\"email\" name=\"your-email\" \/><\/span> <\/label>\n\t\t<\/p>\n\t\t<p><label> <span class=\"wpcf7-form-control-wrap\" data-name=\"tel-935\"><input size=\"40\" maxlength=\"400\" class=\"wpcf7-form-control wpcf7-tel wpcf7-validates-as-required wpcf7-text wpcf7-validates-as-tel\" aria-required=\"true\" aria-invalid=\"false\" placeholder=\"Phone number\" value=\"\" type=\"tel\" name=\"tel-935\" \/><\/span> <\/label>\n\t\t<\/p>\n\t<\/div>\n\t<div class=\"rightform\">\n\t\t<p><label> <span class=\"wpcf7-form-control-wrap\" data-name=\"your-message\"><textarea cols=\"40\" rows=\"10\" maxlength=\"2000\" class=\"wpcf7-form-control wpcf7-textarea\" aria-invalid=\"false\" placeholder=\"Your message\" name=\"your-message\"><\/textarea><\/span> <\/label>\n\t\t<\/p>\n\t<\/div>\n\t<p><input class=\"wpcf7-form-control wpcf7-submit has-spinner\" type=\"submit\" value=\"Submit\" \/>\n\t<\/p>\n<\/div><div class=\"wpcf7-response-output\" aria-hidden=\"true\"><\/div>\n<\/form>\n<\/div>\n[\/vc_column_text][\/vc_column][vc_column width=&#8221;1\/6&#8243; el_class=&#8221;responsiivisuusasetukset&#8221; offset=&#8221;vc_hidden-md vc_hidden-sm vc_hidden-xs&#8221;][\/vc_column][\/vc_row]<\/p>\n<\/div>","protected":false},"excerpt":{"rendered":"<p>[vc_row equal_height=&#8221;yes&#8221; css=&#8221;.vc_custom_1524220356449{margin-top: -150px !important;padding-right: 15px !important;padding-bottom: 70px !important;padding-left: 15px !important;}&#8221;][vc_column][vc_row_inner equal_height=&#8221;yes&#8221; gap=&#8221;30&#8243;][vc_column_inner css=&#8221;.vc_custom_1524218957270{background-color: #4b4b4a !important;background-position: center !important;background-repeat: no-repeat !important;background-size: cover !important;}&#8221; offset=&#8221;vc_col-lg-3 vc_col-md-6&#8243;][\/vc_column_inner][vc_column_inner css=&#8221;.vc_custom_1524218967203{background-color: #4b4b4a !important;background-position: center !important;background-repeat: no-repeat !important;background-size: contain !important;}&#8221; offset=&#8221;vc_col-lg-3 vc_col-md-6&#8243;][\/vc_column_inner][vc_column_inner css=&#8221;.vc_custom_1524218991212{background-color: #4b4b4a !important;}&#8221; offset=&#8221;vc_col-lg-3 vc_col-md-6&#8243;][\/vc_column_inner][vc_column_inner css=&#8221;.vc_custom_1524219003982{background-color: #4b4b4a !important;}&#8221; offset=&#8221;vc_col-lg-3 vc_col-md-6&#8243;][\/vc_column_inner][\/vc_row_inner][\/vc_column][\/vc_row][vc_row css=&#8221;.vc_custom_1522231359682{padding-bottom: 50px !important;}&#8221;][vc_column width=&#8221;1\/6&#8243;][\/vc_column][vc_column width=&#8221;2\/3&#8243; css=&#8221;.vc_custom_1524220371729{padding-right: 15px !important;padding-left: 15px !important;}&#8221;][vc_column_text]&hellip;<\/p>\n","protected":false},"author":2,"featured_media":0,"parent":0,"menu_order":0,"comment_status":"closed","ping_status":"open","template":"","meta":{"om_disable_all_campaigns":false,"_uf_show_specific_survey":0,"_uf_disable_surveys":false},"class_list":["post-1302","page","type-page","status-publish","hentry","description-off"],"aioseo_notices":[],"_links":{"self":[{"href":"https:\/\/test2.trestima.com\/w\/wp-json\/wp\/v2\/pages\/1302","targetHints":{"allow":["GET"]}}],"collection":[{"href":"https:\/\/test2.trestima.com\/w\/wp-json\/wp\/v2\/pages"}],"about":[{"href":"https:\/\/test2.trestima.com\/w\/wp-json\/wp\/v2\/types\/page"}],"author":[{"embeddable":true,"href":"https:\/\/test2.trestima.com\/w\/wp-json\/wp\/v2\/users\/2"}],"replies":[{"embeddable":true,"href":"https:\/\/test2.trestima.com\/w\/wp-json\/wp\/v2\/comments?post=1302"}],"version-history":[{"count":7,"href":"https:\/\/test2.trestima.com\/w\/wp-json\/wp\/v2\/pages\/1302\/revisions"}],"predecessor-version":[{"id":1781,"href":"https:\/\/test2.trestima.com\/w\/wp-json\/wp\/v2\/pages\/1302\/revisions\/1781"}],"wp:attachment":[{"href":"https:\/\/test2.trestima.com\/w\/wp-json\/wp\/v2\/media?parent=1302"}],"curies":[{"name":"wp","href":"https:\/\/api.w.org\/{rel}","templated":true}]}}